{"id":1678,"date":"2013-09-16T03:09:12","date_gmt":"2013-09-16T03:09:12","guid":{"rendered":"http:\/\/web3.art-en-ciel.ca\/?page_id=1678"},"modified":"2016-11-20T18:49:35","modified_gmt":"2016-11-20T23:49:35","slug":"acceuil-corporatif","status":"publish","type":"page","link":"https:\/\/giftandart.biz\/fr\/acceuil-corporatif\/","title":{"rendered":"Accueil (corporatif)"},"content":{"rendered":"<div class=\"fusion-fullwidth fullwidth-box fusion-builder-row-1 hundred-percent-fullwidth non-hundred-percent-height-scrolling\" style=\"--awb-border-radius-top-left:0px;--awb-border-radius-top-right:0px;--awb-border-radius-bottom-right:0px;--awb-border-radius-bottom-left:0px;--awb-overflow:visible;--awb-flex-wrap:wrap;\" ><div class=\"fusion-builder-row fusion-row\"><div class=\"fusion-layout-column fusion_builder_column fusion-builder-column-0 fusion_builder_column_1_1 1_1 fusion-one-full fusion-column-first fusion-column-last fusion-column-no-min-height\" style=\"--awb-bg-size:cover;--awb-margin-bottom:0px;\"><div class=\"fusion-column-wrapper fusion-flex-column-wrapper-legacy\">[callout][callout-content layout=\u00a0\u00bbspan9&Prime;][h4]Art et cadeau &#8211; Des objets originaux et beaux[\/h4]\n[p]Nous avons s\u00e9lectionn\u00e9 pour vous des objets qui ont soit un design particulier ou qui sont inspir\u00e9s par l&rsquo;art. Vous trouverez parmi les articles de notre magasin des id\u00e9es de cadeau qui plairont \u00e0 vos amis ou connaissances ainsi qu&rsquo;\u00e0 vous-m\u00eame.[\/p]\n[p]Les articles de ce magasin en ligne sont \u00e9galement pour la vente en gros. Si vous souhaitez plus d&rsquo;information \u00e0 ce sujet contactez-nous,[\/p]\n[\/callout-content][callout-button layout=\u00a0\u00bbspan3&Prime;]<div class=\"fusion-button-wrapper\"><a class=\"fusion-button button-primary button-large button-default fusion-button-default button-1 fusion-button-default-span \" target=\"_self\"><i class=\" fa fa-compass awb-button__icon awb-button__icon--default awb-button__icon--no-margin button-icon-left\" aria-hidden=\"true\"><\/i><span class=\"fusion-button-text awb-button__text awb-button__text--default\"><\/span><\/a><\/div>[\/callout-button][\/callout]<div class=\"fusion-clearfix\"><\/div><\/div><\/div><\/div><\/div>\n","protected":false},"excerpt":{"rendered":"","protected":false},"author":1,"featured_media":0,"parent":0,"menu_order":0,"comment_status":"open","ping_status":"open","template":"template-front.php","meta":{"footnotes":""},"class_list":["post-1678","page","type-page","status-publish","hentry"],"_links":{"self":[{"href":"https:\/\/giftandart.biz\/fr\/wp-json\/wp\/v2\/pages\/1678","targetHints":{"allow":["GET"]}}],"collection":[{"href":"https:\/\/giftandart.biz\/fr\/wp-json\/wp\/v2\/pages"}],"about":[{"href":"https:\/\/giftandart.biz\/fr\/wp-json\/wp\/v2\/types\/page"}],"author":[{"embeddable":true,"href":"https:\/\/giftandart.biz\/fr\/wp-json\/wp\/v2\/users\/1"}],"replies":[{"embeddable":true,"href":"https:\/\/giftandart.biz\/fr\/wp-json\/wp\/v2\/comments?post=1678"}],"version-history":[{"count":12,"href":"https:\/\/giftandart.biz\/fr\/wp-json\/wp\/v2\/pages\/1678\/revisions"}],"predecessor-version":[{"id":3401,"href":"https:\/\/giftandart.biz\/fr\/wp-json\/wp\/v2\/pages\/1678\/revisions\/3401"}],"wp:attachment":[{"href":"https:\/\/giftandart.biz\/fr\/wp-json\/wp\/v2\/media?parent=1678"}],"curies":[{"name":"wp","href":"https:\/\/api.w.org\/{rel}","templated":true}]}}