{"id":2597,"date":"2013-10-10T10:34:15","date_gmt":"2013-10-10T10:34:15","guid":{"rendered":"http:\/\/web3.art-en-ciel.ca\/product\/dupond"},"modified":"2016-11-20T18:49:57","modified_gmt":"2016-11-20T23:49:57","slug":"dupond","status":"publish","type":"product","link":"https:\/\/giftandart.biz\/fr\/produit\/dupond\/","title":{"rendered":"Dupond"},"content":{"rendered":"","protected":false},"excerpt":{"rendered":"<p>Un des fameux repr\u00e9sentant du groupe Dupond et Dupont<\/p>\n<p>Dupont et Dupond sont physiquement semblables en tout point sauf un : la forme de leur moustache. Celle de Dupond est droite ou en forme de D inclin\u00e9, alors que celle de Dupont est trouss\u00e9e ou en forme de T \u00e9pais renvers\u00e9. L&rsquo;orthographe de leurs noms laisse \u00e0 penser qu&rsquo;ils ne sont pas fr\u00e8res mais sosies, quoique comme pour Tintin lui-m\u00eame il n&rsquo;est pas clair si Dupond\/t est leur nom ou leur pr\u00e9nom, cela pourrait peut-\u00eatre prouver qu&rsquo;ils sont bien des jumeaux. Il est cependant fort probable qu&rsquo;ils se connaissent depuis bien longtemps car ils sont les seuls personnages r\u00e9currents (avec Tintin et Milou) qui se tutoient. Ils partagent le m\u00eame appartement que l&rsquo;on voit pour la premi\u00e8re fois dans Le Crabe aux pinces d&rsquo;or. On apprend dans Les Bijoux de la Castafiore qu&rsquo;ils ont effectu\u00e9 leur service militaire au G\u00e9nie. (Wikipedia)<\/p>\n","protected":false},"featured_media":2269,"comment_status":"open","ping_status":"closed","template":"","meta":[],"product_brand":[],"product_cat":[201],"product_tag":[],"class_list":{"0":"post-2597","1":"product","2":"type-product","3":"status-publish","4":"has-post-thumbnail","6":"product_cat-figurine","8":"first","9":"instock","10":"taxable","11":"shipping-taxable","12":"purchasable","13":"product-type-simple"},"_links":{"self":[{"href":"https:\/\/giftandart.biz\/fr\/wp-json\/wp\/v2\/product\/2597","targetHints":{"allow":["GET"]}}],"collection":[{"href":"https:\/\/giftandart.biz\/fr\/wp-json\/wp\/v2\/product"}],"about":[{"href":"https:\/\/giftandart.biz\/fr\/wp-json\/wp\/v2\/types\/product"}],"replies":[{"embeddable":true,"href":"https:\/\/giftandart.biz\/fr\/wp-json\/wp\/v2\/comments?post=2597"}],"wp:featuredmedia":[{"embeddable":true,"href":"https:\/\/giftandart.biz\/fr\/wp-json\/wp\/v2\/media\/2269"}],"wp:attachment":[{"href":"https:\/\/giftandart.biz\/fr\/wp-json\/wp\/v2\/media?parent=2597"}],"wp:term":[{"taxonomy":"product_brand","embeddable":true,"href":"https:\/\/giftandart.biz\/fr\/wp-json\/wp\/v2\/product_brand?post=2597"},{"taxonomy":"product_cat","embeddable":true,"href":"https:\/\/giftandart.biz\/fr\/wp-json\/wp\/v2\/product_cat?post=2597"},{"taxonomy":"product_tag","embeddable":true,"href":"https:\/\/giftandart.biz\/fr\/wp-json\/wp\/v2\/product_tag?post=2597"}],"curies":[{"name":"wp","href":"https:\/\/api.w.org\/{rel}","templated":true}]}}