{"id":2599,"date":"2013-10-10T10:59:57","date_gmt":"2013-10-10T10:59:57","guid":{"rendered":"http:\/\/web3.art-en-ciel.ca\/product\/milou"},"modified":"2013-10-10T11:01:28","modified_gmt":"2013-10-10T11:01:28","slug":"milou","status":"publish","type":"product","link":"https:\/\/giftandart.biz\/fr\/produit\/milou\/","title":{"rendered":"Milou"},"content":{"rendered":"","protected":false},"excerpt":{"rendered":"<p>Le chien pr\u00e9f\u00e9r\u00e9 de Tintin &#8230; Milou.<\/p>\n<p>Milou est plut\u00f4t vantard, moqueur, assez susceptible, superstitieux et tr\u00e8s sensible. Il est parfois confront\u00e9 \u00e0 des probl\u00e8mes d&rsquo;ordre moral, tenaill\u00e9 entre le devoir et ses vieux d\u00e9mons (notamment l&rsquo;alcool). Au fil des aventures, il se montre de plus en plus casanier. Aussi, Milou poss\u00e8de une bonne culture g\u00e9n\u00e9rale, une dose d&rsquo;humour, et trouve toujours r\u00e9plique \u00e0 son ma\u00eetre (T : \u00ab\u00a0Et maintenant mon vieux Milou, ouvrons l&rsquo;oeil&#8230;\u00a0\u00bb M : \u00ab\u00a0Et m\u00eame les deux !\u00a0\u00bb). Malgr\u00e9 cela, Milou reste un mammif\u00e8re terrestre quadrup\u00e8de. En ce sens, il poss\u00e8de un flair aigu et une grande intuition. Il pressent souvent les situations dangereuses o\u00f9 son ma\u00eetre va s&rsquo;engager, mais il est toujours l\u00e0 pour venir \u00e0 sa rescousse\u2026(Wikipedia)<\/p>\n","protected":false},"featured_media":2263,"comment_status":"open","ping_status":"closed","template":"","meta":[],"product_brand":[],"product_cat":[201],"product_tag":[],"class_list":{"0":"post-2599","1":"product","2":"type-product","3":"status-publish","4":"has-post-thumbnail","6":"product_cat-figurine","8":"first","9":"instock","10":"taxable","11":"shipping-taxable","12":"purchasable","13":"product-type-simple"},"_links":{"self":[{"href":"https:\/\/giftandart.biz\/fr\/wp-json\/wp\/v2\/product\/2599","targetHints":{"allow":["GET"]}}],"collection":[{"href":"https:\/\/giftandart.biz\/fr\/wp-json\/wp\/v2\/product"}],"about":[{"href":"https:\/\/giftandart.biz\/fr\/wp-json\/wp\/v2\/types\/product"}],"replies":[{"embeddable":true,"href":"https:\/\/giftandart.biz\/fr\/wp-json\/wp\/v2\/comments?post=2599"}],"wp:featuredmedia":[{"embeddable":true,"href":"https:\/\/giftandart.biz\/fr\/wp-json\/wp\/v2\/media\/2263"}],"wp:attachment":[{"href":"https:\/\/giftandart.biz\/fr\/wp-json\/wp\/v2\/media?parent=2599"}],"wp:term":[{"taxonomy":"product_brand","embeddable":true,"href":"https:\/\/giftandart.biz\/fr\/wp-json\/wp\/v2\/product_brand?post=2599"},{"taxonomy":"product_cat","embeddable":true,"href":"https:\/\/giftandart.biz\/fr\/wp-json\/wp\/v2\/product_cat?post=2599"},{"taxonomy":"product_tag","embeddable":true,"href":"https:\/\/giftandart.biz\/fr\/wp-json\/wp\/v2\/product_tag?post=2599"}],"curies":[{"name":"wp","href":"https:\/\/api.w.org\/{rel}","templated":true}]}}