{"id":2614,"date":"2013-10-11T02:50:18","date_gmt":"2013-10-11T02:50:18","guid":{"rendered":"http:\/\/web3.art-en-ciel.ca\/product\/porte-cle-tintin"},"modified":"2016-11-20T18:49:55","modified_gmt":"2016-11-20T23:49:55","slug":"porte-cle-tintin","status":"publish","type":"product","link":"https:\/\/giftandart.biz\/fr\/produit\/porte-cle-tintin\/","title":{"rendered":"Porte-cl\u00e9 Tintin"},"content":{"rendered":"","protected":false},"excerpt":{"rendered":"<p>Porte cl\u00e9 avec certains des personnages de Tintin.<\/p>\n<p>S&rsquo;il vous pla\u00eet, si vous commandez cet article, veuillez indiquer dans le bon de commande les personnages que vous voulez recevoir. Les personnages disponibles sont repr\u00e9sent\u00e9s sur les images d\u00e9crivant le produit.<\/p>\n","protected":false},"featured_media":2386,"comment_status":"open","ping_status":"closed","template":"","meta":[],"product_brand":[],"product_cat":[201],"product_tag":[],"class_list":{"0":"post-2614","1":"product","2":"type-product","3":"status-publish","4":"has-post-thumbnail","6":"product_cat-figurine","8":"first","9":"instock","10":"taxable","11":"shipping-taxable","12":"purchasable","13":"product-type-simple"},"_links":{"self":[{"href":"https:\/\/giftandart.biz\/fr\/wp-json\/wp\/v2\/product\/2614","targetHints":{"allow":["GET"]}}],"collection":[{"href":"https:\/\/giftandart.biz\/fr\/wp-json\/wp\/v2\/product"}],"about":[{"href":"https:\/\/giftandart.biz\/fr\/wp-json\/wp\/v2\/types\/product"}],"replies":[{"embeddable":true,"href":"https:\/\/giftandart.biz\/fr\/wp-json\/wp\/v2\/comments?post=2614"}],"wp:featuredmedia":[{"embeddable":true,"href":"https:\/\/giftandart.biz\/fr\/wp-json\/wp\/v2\/media\/2386"}],"wp:attachment":[{"href":"https:\/\/giftandart.biz\/fr\/wp-json\/wp\/v2\/media?parent=2614"}],"wp:term":[{"taxonomy":"product_brand","embeddable":true,"href":"https:\/\/giftandart.biz\/fr\/wp-json\/wp\/v2\/product_brand?post=2614"},{"taxonomy":"product_cat","embeddable":true,"href":"https:\/\/giftandart.biz\/fr\/wp-json\/wp\/v2\/product_cat?post=2614"},{"taxonomy":"product_tag","embeddable":true,"href":"https:\/\/giftandart.biz\/fr\/wp-json\/wp\/v2\/product_tag?post=2614"}],"curies":[{"name":"wp","href":"https:\/\/api.w.org\/{rel}","templated":true}]}}