{"id":2615,"date":"2013-10-11T03:02:14","date_gmt":"2013-10-11T03:02:14","guid":{"rendered":"http:\/\/web3.art-en-ciel.ca\/product\/figurine-tintin"},"modified":"2016-11-20T18:49:55","modified_gmt":"2016-11-20T23:49:55","slug":"figurine-tintin","status":"publish","type":"product","link":"https:\/\/giftandart.biz\/fr\/produit\/figurine-tintin\/","title":{"rendered":"Figurine Tintin"},"content":{"rendered":"","protected":false},"excerpt":{"rendered":"<p>Figurine Tintin.<\/p>\n<p>Tintin est un personnage de fiction cr\u00e9\u00e9 par le dessinateur belge Herg\u00e9 dans la s\u00e9rie de bandes dessin\u00e9es Les Aventures de Tintin, dont il est le personnage principal. Il appara\u00eet pour la premi\u00e8re fois dans le suppl\u00e9ment jeunesse Le Petit Vingti\u00e8me du journal belge Le Vingti\u00e8me Si\u00e8cle, avec les aventures de Tintin au pays des Soviets en 1929. Il est consid\u00e9r\u00e9 comme le \u00ab descendant \u00bb de Totor, chef scout cr\u00e9\u00e9 par Herg\u00e9 en 1926. (wikipedia)<\/p>\n","protected":false},"featured_media":2223,"comment_status":"open","ping_status":"closed","template":"","meta":[],"product_brand":[],"product_cat":[201],"product_tag":[],"class_list":{"0":"post-2615","1":"product","2":"type-product","3":"status-publish","4":"has-post-thumbnail","6":"product_cat-figurine","8":"first","9":"instock","10":"taxable","11":"shipping-taxable","12":"purchasable","13":"product-type-simple"},"_links":{"self":[{"href":"https:\/\/giftandart.biz\/fr\/wp-json\/wp\/v2\/product\/2615","targetHints":{"allow":["GET"]}}],"collection":[{"href":"https:\/\/giftandart.biz\/fr\/wp-json\/wp\/v2\/product"}],"about":[{"href":"https:\/\/giftandart.biz\/fr\/wp-json\/wp\/v2\/types\/product"}],"replies":[{"embeddable":true,"href":"https:\/\/giftandart.biz\/fr\/wp-json\/wp\/v2\/comments?post=2615"}],"wp:featuredmedia":[{"embeddable":true,"href":"https:\/\/giftandart.biz\/fr\/wp-json\/wp\/v2\/media\/2223"}],"wp:attachment":[{"href":"https:\/\/giftandart.biz\/fr\/wp-json\/wp\/v2\/media?parent=2615"}],"wp:term":[{"taxonomy":"product_brand","embeddable":true,"href":"https:\/\/giftandart.biz\/fr\/wp-json\/wp\/v2\/product_brand?post=2615"},{"taxonomy":"product_cat","embeddable":true,"href":"https:\/\/giftandart.biz\/fr\/wp-json\/wp\/v2\/product_cat?post=2615"},{"taxonomy":"product_tag","embeddable":true,"href":"https:\/\/giftandart.biz\/fr\/wp-json\/wp\/v2\/product_tag?post=2615"}],"curies":[{"name":"wp","href":"https:\/\/api.w.org\/{rel}","templated":true}]}}