{"id":2666,"date":"2013-10-14T17:46:09","date_gmt":"2013-10-14T17:46:09","guid":{"rendered":"http:\/\/web3.art-en-ciel.ca\/product\/sac-de-gym-sirene"},"modified":"2014-09-05T10:34:43","modified_gmt":"2014-09-05T10:34:43","slug":"sac-de-gym-sirene","status":"publish","type":"product","link":"https:\/\/giftandart.biz\/fr\/produit\/sac-de-gym-sirene\/","title":{"rendered":"Sac de gym &#8211; Sir\u00e8ne"},"content":{"rendered":"","protected":false},"excerpt":{"rendered":"<p>Les filles aimeront montrer \u00e0 leurs amies qu&rsquo;elles sont capables de nager aussi bien qu&rsquo;une sir\u00e8me pendant leur cours de natation.<br \/>\nPochette \u00e0 fermeture cordonn\u00e9e. Bretelles \u00e0 fermeture \u00e9clair pour option sac \u00e0 dos ou \u00e0 l&rsquo;\u00e9paule. <\/p>\n","protected":false},"featured_media":3699,"comment_status":"open","ping_status":"closed","template":"","meta":[],"product_brand":[],"product_cat":[185],"product_tag":[],"class_list":{"0":"post-2666","1":"product","2":"type-product","3":"status-publish","4":"has-post-thumbnail","6":"product_cat-articles-scolaires","8":"first","9":"instock","10":"taxable","11":"shipping-taxable","12":"purchasable","13":"product-type-simple"},"_links":{"self":[{"href":"https:\/\/giftandart.biz\/fr\/wp-json\/wp\/v2\/product\/2666","targetHints":{"allow":["GET"]}}],"collection":[{"href":"https:\/\/giftandart.biz\/fr\/wp-json\/wp\/v2\/product"}],"about":[{"href":"https:\/\/giftandart.biz\/fr\/wp-json\/wp\/v2\/types\/product"}],"replies":[{"embeddable":true,"href":"https:\/\/giftandart.biz\/fr\/wp-json\/wp\/v2\/comments?post=2666"}],"wp:featuredmedia":[{"embeddable":true,"href":"https:\/\/giftandart.biz\/fr\/wp-json\/wp\/v2\/media\/3699"}],"wp:attachment":[{"href":"https:\/\/giftandart.biz\/fr\/wp-json\/wp\/v2\/media?parent=2666"}],"wp:term":[{"taxonomy":"product_brand","embeddable":true,"href":"https:\/\/giftandart.biz\/fr\/wp-json\/wp\/v2\/product_brand?post=2666"},{"taxonomy":"product_cat","embeddable":true,"href":"https:\/\/giftandart.biz\/fr\/wp-json\/wp\/v2\/product_cat?post=2666"},{"taxonomy":"product_tag","embeddable":true,"href":"https:\/\/giftandart.biz\/fr\/wp-json\/wp\/v2\/product_tag?post=2666"}],"curies":[{"name":"wp","href":"https:\/\/api.w.org\/{rel}","templated":true}]}}