{"id":2669,"date":"2013-10-14T18:26:57","date_gmt":"2013-10-14T18:26:57","guid":{"rendered":"http:\/\/web3.art-en-ciel.ca\/product\/les-mains"},"modified":"2014-09-07T11:31:12","modified_gmt":"2014-09-07T11:31:12","slug":"les-mains","status":"publish","type":"product","link":"https:\/\/giftandart.biz\/fr\/produit\/les-mains\/","title":{"rendered":"Les mains"},"content":{"rendered":"","protected":false},"excerpt":{"rendered":"<p>Les mains deviennent un vide-poche&#8230;.Vous pouvez les utilis\u00e9es de nimport quelles fa\u00e7ons dans votre d\u00e9cor int\u00e9rieur.<\/p>\n","protected":false},"featured_media":3696,"comment_status":"open","ping_status":"closed","template":"","meta":[],"product_brand":[],"product_cat":[189],"product_tag":[],"class_list":{"0":"post-2669","1":"product","2":"type-product","3":"status-publish","4":"has-post-thumbnail","6":"product_cat-sculpture-fr","8":"first","9":"instock","10":"taxable","11":"shipping-taxable","12":"purchasable","13":"product-type-simple"},"_links":{"self":[{"href":"https:\/\/giftandart.biz\/fr\/wp-json\/wp\/v2\/product\/2669","targetHints":{"allow":["GET"]}}],"collection":[{"href":"https:\/\/giftandart.biz\/fr\/wp-json\/wp\/v2\/product"}],"about":[{"href":"https:\/\/giftandart.biz\/fr\/wp-json\/wp\/v2\/types\/product"}],"replies":[{"embeddable":true,"href":"https:\/\/giftandart.biz\/fr\/wp-json\/wp\/v2\/comments?post=2669"}],"wp:featuredmedia":[{"embeddable":true,"href":"https:\/\/giftandart.biz\/fr\/wp-json\/wp\/v2\/media\/3696"}],"wp:attachment":[{"href":"https:\/\/giftandart.biz\/fr\/wp-json\/wp\/v2\/media?parent=2669"}],"wp:term":[{"taxonomy":"product_brand","embeddable":true,"href":"https:\/\/giftandart.biz\/fr\/wp-json\/wp\/v2\/product_brand?post=2669"},{"taxonomy":"product_cat","embeddable":true,"href":"https:\/\/giftandart.biz\/fr\/wp-json\/wp\/v2\/product_cat?post=2669"},{"taxonomy":"product_tag","embeddable":true,"href":"https:\/\/giftandart.biz\/fr\/wp-json\/wp\/v2\/product_tag?post=2669"}],"curies":[{"name":"wp","href":"https:\/\/api.w.org\/{rel}","templated":true}]}}