{"id":2672,"date":"2013-10-14T18:40:37","date_gmt":"2013-10-14T18:40:37","guid":{"rendered":"http:\/\/web3.art-en-ciel.ca\/product\/etui-a-crayon-hockey"},"modified":"2014-09-05T10:19:32","modified_gmt":"2014-09-05T10:19:32","slug":"etui-a-crayon-hockey","status":"publish","type":"product","link":"https:\/\/giftandart.biz\/fr\/produit\/etui-a-crayon-hockey\/","title":{"rendered":"\u00c9tui \u00e0 crayon &#8211; hockey"},"content":{"rendered":"","protected":false},"excerpt":{"rendered":"<p>Un \u00e9tui \u00e0 crayon pour les fans de hockey.<\/p>\n<p>\u00c9tui \u00e0 crayons \u00e0 fermeture \u00e9clair, compartiment simple.<\/p>\n<p>Cet \u00e9tui est fabriqu\u00e9 \u00e0 80% de bouteilles de plastique recycl\u00e9es et est recyclable.<\/p>\n","protected":false},"featured_media":3672,"comment_status":"open","ping_status":"closed","template":"","meta":[],"product_brand":[],"product_cat":[185],"product_tag":[],"class_list":{"0":"post-2672","1":"product","2":"type-product","3":"status-publish","4":"has-post-thumbnail","6":"product_cat-articles-scolaires","8":"first","9":"instock","10":"taxable","11":"shipping-taxable","12":"purchasable","13":"product-type-simple"},"_links":{"self":[{"href":"https:\/\/giftandart.biz\/fr\/wp-json\/wp\/v2\/product\/2672","targetHints":{"allow":["GET"]}}],"collection":[{"href":"https:\/\/giftandart.biz\/fr\/wp-json\/wp\/v2\/product"}],"about":[{"href":"https:\/\/giftandart.biz\/fr\/wp-json\/wp\/v2\/types\/product"}],"replies":[{"embeddable":true,"href":"https:\/\/giftandart.biz\/fr\/wp-json\/wp\/v2\/comments?post=2672"}],"wp:featuredmedia":[{"embeddable":true,"href":"https:\/\/giftandart.biz\/fr\/wp-json\/wp\/v2\/media\/3672"}],"wp:attachment":[{"href":"https:\/\/giftandart.biz\/fr\/wp-json\/wp\/v2\/media?parent=2672"}],"wp:term":[{"taxonomy":"product_brand","embeddable":true,"href":"https:\/\/giftandart.biz\/fr\/wp-json\/wp\/v2\/product_brand?post=2672"},{"taxonomy":"product_cat","embeddable":true,"href":"https:\/\/giftandart.biz\/fr\/wp-json\/wp\/v2\/product_cat?post=2672"},{"taxonomy":"product_tag","embeddable":true,"href":"https:\/\/giftandart.biz\/fr\/wp-json\/wp\/v2\/product_tag?post=2672"}],"curies":[{"name":"wp","href":"https:\/\/api.w.org\/{rel}","templated":true}]}}