{"id":2674,"date":"2013-10-14T18:49:00","date_gmt":"2013-10-14T18:49:00","guid":{"rendered":"http:\/\/web3.art-en-ciel.ca\/product\/petit-sac-style-africain"},"modified":"2016-11-20T18:49:44","modified_gmt":"2016-11-20T23:49:44","slug":"petit-sac-style-africain","status":"publish","type":"product","link":"https:\/\/giftandart.biz\/fr\/produit\/petit-sac-style-africain\/","title":{"rendered":"Petit sac &#8211; style africain"},"content":{"rendered":"","protected":false},"excerpt":{"rendered":"<p>Les sacs de la s\u00e9rie africaine sont faits de fibre de plante de Madagascar. Ces fibres sont achet\u00e9s de producteur. Ainsi elles ne sont pas pr\u00e9lev\u00e9es dans la nature. Ce sont des articles fait main \u00e9cologiques et \u00e9quitables.<\/p>\n","protected":false},"featured_media":3636,"comment_status":"open","ping_status":"closed","template":"","meta":[],"product_brand":[],"product_cat":[202,203],"product_tag":[],"class_list":{"0":"post-2674","1":"product","2":"type-product","3":"status-publish","4":"has-post-thumbnail","6":"product_cat-afrique","7":"product_cat-sacs","9":"first","10":"instock","11":"taxable","12":"shipping-taxable","13":"purchasable","14":"product-type-simple"},"_links":{"self":[{"href":"https:\/\/giftandart.biz\/fr\/wp-json\/wp\/v2\/product\/2674","targetHints":{"allow":["GET"]}}],"collection":[{"href":"https:\/\/giftandart.biz\/fr\/wp-json\/wp\/v2\/product"}],"about":[{"href":"https:\/\/giftandart.biz\/fr\/wp-json\/wp\/v2\/types\/product"}],"replies":[{"embeddable":true,"href":"https:\/\/giftandart.biz\/fr\/wp-json\/wp\/v2\/comments?post=2674"}],"wp:featuredmedia":[{"embeddable":true,"href":"https:\/\/giftandart.biz\/fr\/wp-json\/wp\/v2\/media\/3636"}],"wp:attachment":[{"href":"https:\/\/giftandart.biz\/fr\/wp-json\/wp\/v2\/media?parent=2674"}],"wp:term":[{"taxonomy":"product_brand","embeddable":true,"href":"https:\/\/giftandart.biz\/fr\/wp-json\/wp\/v2\/product_brand?post=2674"},{"taxonomy":"product_cat","embeddable":true,"href":"https:\/\/giftandart.biz\/fr\/wp-json\/wp\/v2\/product_cat?post=2674"},{"taxonomy":"product_tag","embeddable":true,"href":"https:\/\/giftandart.biz\/fr\/wp-json\/wp\/v2\/product_tag?post=2674"}],"curies":[{"name":"wp","href":"https:\/\/api.w.org\/{rel}","templated":true}]}}