{"id":2675,"date":"2013-10-14T18:52:48","date_gmt":"2013-10-14T18:52:48","guid":{"rendered":"http:\/\/web3.art-en-ciel.ca\/product\/sac-rond-fee-faf"},"modified":"2014-09-05T09:53:39","modified_gmt":"2014-09-05T09:53:39","slug":"sac-rond-fee-faf","status":"publish","type":"product","link":"https:\/\/giftandart.biz\/fr\/produit\/sac-rond-fee-faf\/","title":{"rendered":"Sac rond F\u00e9e Faf"},"content":{"rendered":"","protected":false},"excerpt":{"rendered":"<p>Sac \u00e0 main \u00e0 fermeture \u00e9clair, pochette int\u00e9rieure \u00e0 fermeture \u00e9clair.<br \/>\nCe sac est fabriqu\u00e9 \u00e0 80% de bouteilles de plastique recycl\u00e9es et est recyclable. <\/p>\n","protected":false},"featured_media":3443,"comment_status":"open","ping_status":"closed","template":"","meta":[],"product_brand":[],"product_cat":[204],"product_tag":[],"class_list":{"0":"post-2675","1":"product","2":"type-product","3":"status-publish","4":"has-post-thumbnail","6":"product_cat-simple-dessin-ketto","8":"first","9":"instock","10":"taxable","11":"shipping-taxable","12":"purchasable","13":"product-type-simple"},"_links":{"self":[{"href":"https:\/\/giftandart.biz\/fr\/wp-json\/wp\/v2\/product\/2675","targetHints":{"allow":["GET"]}}],"collection":[{"href":"https:\/\/giftandart.biz\/fr\/wp-json\/wp\/v2\/product"}],"about":[{"href":"https:\/\/giftandart.biz\/fr\/wp-json\/wp\/v2\/types\/product"}],"replies":[{"embeddable":true,"href":"https:\/\/giftandart.biz\/fr\/wp-json\/wp\/v2\/comments?post=2675"}],"wp:featuredmedia":[{"embeddable":true,"href":"https:\/\/giftandart.biz\/fr\/wp-json\/wp\/v2\/media\/3443"}],"wp:attachment":[{"href":"https:\/\/giftandart.biz\/fr\/wp-json\/wp\/v2\/media?parent=2675"}],"wp:term":[{"taxonomy":"product_brand","embeddable":true,"href":"https:\/\/giftandart.biz\/fr\/wp-json\/wp\/v2\/product_brand?post=2675"},{"taxonomy":"product_cat","embeddable":true,"href":"https:\/\/giftandart.biz\/fr\/wp-json\/wp\/v2\/product_cat?post=2675"},{"taxonomy":"product_tag","embeddable":true,"href":"https:\/\/giftandart.biz\/fr\/wp-json\/wp\/v2\/product_tag?post=2675"}],"curies":[{"name":"wp","href":"https:\/\/api.w.org\/{rel}","templated":true}]}}