{"id":2691,"date":"2013-10-14T19:55:53","date_gmt":"2013-10-14T19:55:53","guid":{"rendered":"http:\/\/web3.art-en-ciel.ca\/product\/bougeoir-doigts-de-pied-droit"},"modified":"2013-10-14T19:55:53","modified_gmt":"2013-10-14T19:55:53","slug":"bougeoir-doigts-de-pied-droit","status":"publish","type":"product","link":"https:\/\/giftandart.biz\/fr\/produit\/bougeoir-doigts-de-pied-droit\/","title":{"rendered":"Bougeoir doigts de pied droit"},"content":{"rendered":"","protected":false},"excerpt":{"rendered":"<p>Ce cube fait partie du travail de Dapila. Il s&rsquo;agit d&rsquo;un concept o\u00f9 les objets sont inspir\u00e9s par le corps humain. C&rsquo;est ainsi que chaque partie du corps peut devenir un bougeoir, un porte-carte, un pot de fleur et tout ce que vous pouvez imaginer. Vous pouvez aussi en utilisant plus d&rsquo;une \u00ab\u00a0brique du corps\u00a0\u00bb, cr\u00e9er votre arrangement qui s&rsquo;int\u00e9grera \u00e0 votre d\u00e9cor \u00e0 la maison ou au bureau. Cet article est fabriqu\u00e9 \u00e0 partir d&rsquo;Hydrostone, un mat\u00e9riau proche du pl\u00e2tre. Cet article peut \u00eatre paint \u00e0 l&rsquo;huile ou \u00e0 la peinture acrylique.<\/p>\n","protected":false},"featured_media":2356,"comment_status":"open","ping_status":"closed","template":"","meta":[],"product_brand":[],"product_cat":[189],"product_tag":[],"class_list":{"0":"post-2691","1":"product","2":"type-product","3":"status-publish","4":"has-post-thumbnail","6":"product_cat-sculpture-fr","8":"first","9":"instock","10":"taxable","11":"shipping-taxable","12":"purchasable","13":"product-type-simple"},"_links":{"self":[{"href":"https:\/\/giftandart.biz\/fr\/wp-json\/wp\/v2\/product\/2691","targetHints":{"allow":["GET"]}}],"collection":[{"href":"https:\/\/giftandart.biz\/fr\/wp-json\/wp\/v2\/product"}],"about":[{"href":"https:\/\/giftandart.biz\/fr\/wp-json\/wp\/v2\/types\/product"}],"replies":[{"embeddable":true,"href":"https:\/\/giftandart.biz\/fr\/wp-json\/wp\/v2\/comments?post=2691"}],"wp:featuredmedia":[{"embeddable":true,"href":"https:\/\/giftandart.biz\/fr\/wp-json\/wp\/v2\/media\/2356"}],"wp:attachment":[{"href":"https:\/\/giftandart.biz\/fr\/wp-json\/wp\/v2\/media?parent=2691"}],"wp:term":[{"taxonomy":"product_brand","embeddable":true,"href":"https:\/\/giftandart.biz\/fr\/wp-json\/wp\/v2\/product_brand?post=2691"},{"taxonomy":"product_cat","embeddable":true,"href":"https:\/\/giftandart.biz\/fr\/wp-json\/wp\/v2\/product_cat?post=2691"},{"taxonomy":"product_tag","embeddable":true,"href":"https:\/\/giftandart.biz\/fr\/wp-json\/wp\/v2\/product_tag?post=2691"}],"curies":[{"name":"wp","href":"https:\/\/api.w.org\/{rel}","templated":true}]}}