{"id":2726,"date":"2013-10-14T20:40:36","date_gmt":"2013-10-14T20:40:36","guid":{"rendered":"http:\/\/web3.art-en-ciel.ca\/product\/porte-monnaie-fee-faf"},"modified":"2013-10-14T23:13:31","modified_gmt":"2013-10-14T23:13:31","slug":"porte-monnaie-fee-faf","status":"publish","type":"product","link":"https:\/\/giftandart.biz\/fr\/produit\/porte-monnaie-fee-faf\/","title":{"rendered":"Porte-monnaie f\u00e9e Faf"},"content":{"rendered":"","protected":false},"excerpt":{"rendered":"<p>La f\u00e9e Faf est mis en vedette avec ce porte-monnaie rond.<\/p>\n<p>Porte-monnaie rond en n\u00e9opr\u00e8ne avec fermeture \u00e9clair.<\/p>\n","protected":false},"featured_media":2401,"comment_status":"open","ping_status":"closed","template":"","meta":[],"product_brand":[],"product_cat":[219],"product_tag":[],"class_list":{"0":"post-2726","1":"product","2":"type-product","3":"status-publish","4":"has-post-thumbnail","6":"product_cat-porte-monnaie","8":"first","9":"instock","10":"taxable","11":"shipping-taxable","12":"purchasable","13":"product-type-simple"},"_links":{"self":[{"href":"https:\/\/giftandart.biz\/fr\/wp-json\/wp\/v2\/product\/2726","targetHints":{"allow":["GET"]}}],"collection":[{"href":"https:\/\/giftandart.biz\/fr\/wp-json\/wp\/v2\/product"}],"about":[{"href":"https:\/\/giftandart.biz\/fr\/wp-json\/wp\/v2\/types\/product"}],"replies":[{"embeddable":true,"href":"https:\/\/giftandart.biz\/fr\/wp-json\/wp\/v2\/comments?post=2726"}],"wp:featuredmedia":[{"embeddable":true,"href":"https:\/\/giftandart.biz\/fr\/wp-json\/wp\/v2\/media\/2401"}],"wp:attachment":[{"href":"https:\/\/giftandart.biz\/fr\/wp-json\/wp\/v2\/media?parent=2726"}],"wp:term":[{"taxonomy":"product_brand","embeddable":true,"href":"https:\/\/giftandart.biz\/fr\/wp-json\/wp\/v2\/product_brand?post=2726"},{"taxonomy":"product_cat","embeddable":true,"href":"https:\/\/giftandart.biz\/fr\/wp-json\/wp\/v2\/product_cat?post=2726"},{"taxonomy":"product_tag","embeddable":true,"href":"https:\/\/giftandart.biz\/fr\/wp-json\/wp\/v2\/product_tag?post=2726"}],"curies":[{"name":"wp","href":"https:\/\/api.w.org\/{rel}","templated":true}]}}