{"id":2731,"date":"2013-10-14T20:48:33","date_gmt":"2013-10-14T20:48:33","guid":{"rendered":"http:\/\/web3.art-en-ciel.ca\/product\/coffre-a-bijou"},"modified":"2013-10-14T23:11:58","modified_gmt":"2013-10-14T23:11:58","slug":"coffre-a-bijou","status":"publish","type":"product","link":"https:\/\/giftandart.biz\/fr\/produit\/coffre-a-bijou\/","title":{"rendered":"Coffre \u00e0 bijou"},"content":{"rendered":"","protected":false},"excerpt":{"rendered":"<p>Un coffre \u00e0 bijou o\u00f9 vous pouvez ranger vos boucles d&rsquo;oreille, vos colliers et vos bijoux les plus pr\u00e9cieux. Le coffre est recouvert d&rsquo;une reproduction de la \u00ab\u00a0primavera\u00a0\u00bb une oeuvre de l&rsquo;ancienne \u00c9gypte.<\/p>\n","protected":false},"featured_media":2660,"comment_status":"open","ping_status":"closed","template":"","meta":[],"product_brand":[],"product_cat":[215],"product_tag":[],"class_list":{"0":"post-2731","1":"product","2":"type-product","3":"status-publish","4":"has-post-thumbnail","6":"product_cat-boites_decorees","8":"first","9":"instock","10":"taxable","11":"shipping-taxable","12":"purchasable","13":"product-type-simple"},"_links":{"self":[{"href":"https:\/\/giftandart.biz\/fr\/wp-json\/wp\/v2\/product\/2731","targetHints":{"allow":["GET"]}}],"collection":[{"href":"https:\/\/giftandart.biz\/fr\/wp-json\/wp\/v2\/product"}],"about":[{"href":"https:\/\/giftandart.biz\/fr\/wp-json\/wp\/v2\/types\/product"}],"replies":[{"embeddable":true,"href":"https:\/\/giftandart.biz\/fr\/wp-json\/wp\/v2\/comments?post=2731"}],"wp:featuredmedia":[{"embeddable":true,"href":"https:\/\/giftandart.biz\/fr\/wp-json\/wp\/v2\/media\/2660"}],"wp:attachment":[{"href":"https:\/\/giftandart.biz\/fr\/wp-json\/wp\/v2\/media?parent=2731"}],"wp:term":[{"taxonomy":"product_brand","embeddable":true,"href":"https:\/\/giftandart.biz\/fr\/wp-json\/wp\/v2\/product_brand?post=2731"},{"taxonomy":"product_cat","embeddable":true,"href":"https:\/\/giftandart.biz\/fr\/wp-json\/wp\/v2\/product_cat?post=2731"},{"taxonomy":"product_tag","embeddable":true,"href":"https:\/\/giftandart.biz\/fr\/wp-json\/wp\/v2\/product_tag?post=2731"}],"curies":[{"name":"wp","href":"https:\/\/api.w.org\/{rel}","templated":true}]}}