{"id":2845,"date":"2013-11-05T03:42:04","date_gmt":"2013-11-05T03:42:04","guid":{"rendered":"http:\/\/giftandart.biz\/product\/foulard-long-en-soie-103004"},"modified":"2013-11-05T03:52:14","modified_gmt":"2013-11-05T03:52:14","slug":"foulard-long-en-soie-103004","status":"publish","type":"product","link":"https:\/\/giftandart.biz\/fr\/produit\/foulard-long-en-soie-103004\/","title":{"rendered":"Foulard long en soie  #103004"},"content":{"rendered":"","protected":false},"excerpt":{"rendered":"<p>Un foulard de tr\u00e8s bel apparence fait avec de la soie de premi\u00e8re qualit\u00e9. La taille r\u00e9elle de cet article est de 180cmx110cm<\/p>\n<p>Les dimenssions indiqu\u00e9es ci-dessous sont seulement pour le calcul des frais d&rsquo;exp\u00e9dition.<\/p>\n","protected":false},"featured_media":2807,"comment_status":"open","ping_status":"closed","template":"","meta":[],"product_brand":[],"product_cat":[222,224],"product_tag":[],"class_list":{"0":"post-2845","1":"product","2":"type-product","3":"status-publish","4":"has-post-thumbnail","6":"product_cat-foulards","7":"product_cat-soie-longue","9":"first","10":"instock","11":"taxable","12":"shipping-taxable","13":"purchasable","14":"product-type-simple"},"_links":{"self":[{"href":"https:\/\/giftandart.biz\/fr\/wp-json\/wp\/v2\/product\/2845","targetHints":{"allow":["GET"]}}],"collection":[{"href":"https:\/\/giftandart.biz\/fr\/wp-json\/wp\/v2\/product"}],"about":[{"href":"https:\/\/giftandart.biz\/fr\/wp-json\/wp\/v2\/types\/product"}],"replies":[{"embeddable":true,"href":"https:\/\/giftandart.biz\/fr\/wp-json\/wp\/v2\/comments?post=2845"}],"wp:featuredmedia":[{"embeddable":true,"href":"https:\/\/giftandart.biz\/fr\/wp-json\/wp\/v2\/media\/2807"}],"wp:attachment":[{"href":"https:\/\/giftandart.biz\/fr\/wp-json\/wp\/v2\/media?parent=2845"}],"wp:term":[{"taxonomy":"product_brand","embeddable":true,"href":"https:\/\/giftandart.biz\/fr\/wp-json\/wp\/v2\/product_brand?post=2845"},{"taxonomy":"product_cat","embeddable":true,"href":"https:\/\/giftandart.biz\/fr\/wp-json\/wp\/v2\/product_cat?post=2845"},{"taxonomy":"product_tag","embeddable":true,"href":"https:\/\/giftandart.biz\/fr\/wp-json\/wp\/v2\/product_tag?post=2845"}],"curies":[{"name":"wp","href":"https:\/\/api.w.org\/{rel}","templated":true}]}}