{"id":2868,"date":"2013-11-05T05:20:10","date_gmt":"2013-11-05T05:20:10","guid":{"rendered":"http:\/\/giftandart.biz\/?post_type=product&#038;p=2868"},"modified":"2013-11-05T05:23:39","modified_gmt":"2013-11-05T05:23:39","slug":"foulard-en-polyester-601309","status":"publish","type":"product","link":"https:\/\/giftandart.biz\/fr\/produit\/foulard-en-polyester-601309\/","title":{"rendered":"Foulard en polyester #601309"},"content":{"rendered":"","protected":false},"excerpt":{"rendered":"<p>Ce foulard carr\u00e9 en polyester va devenir votre pr\u00e9f\u00e9r\u00e9 dans vos activit\u00e9 quotidienne. La taille r\u00e9elle de cette article est 90cmx90cm.<br \/>\nLa taille indiqu\u00e9e ci-dessous est utilis\u00e9e uniquement pour le calcul des frais de livraison.<\/p>\n","protected":false},"featured_media":2867,"comment_status":"open","ping_status":"closed","template":"","meta":[],"product_brand":[],"product_cat":[222,230],"product_tag":[],"class_list":{"0":"post-2868","1":"product","2":"type-product","3":"status-publish","4":"has-post-thumbnail","6":"product_cat-foulards","7":"product_cat-polyester-carre","9":"first","10":"instock","11":"taxable","12":"shipping-taxable","13":"purchasable","14":"product-type-simple"},"_links":{"self":[{"href":"https:\/\/giftandart.biz\/fr\/wp-json\/wp\/v2\/product\/2868","targetHints":{"allow":["GET"]}}],"collection":[{"href":"https:\/\/giftandart.biz\/fr\/wp-json\/wp\/v2\/product"}],"about":[{"href":"https:\/\/giftandart.biz\/fr\/wp-json\/wp\/v2\/types\/product"}],"replies":[{"embeddable":true,"href":"https:\/\/giftandart.biz\/fr\/wp-json\/wp\/v2\/comments?post=2868"}],"wp:featuredmedia":[{"embeddable":true,"href":"https:\/\/giftandart.biz\/fr\/wp-json\/wp\/v2\/media\/2867"}],"wp:attachment":[{"href":"https:\/\/giftandart.biz\/fr\/wp-json\/wp\/v2\/media?parent=2868"}],"wp:term":[{"taxonomy":"product_brand","embeddable":true,"href":"https:\/\/giftandart.biz\/fr\/wp-json\/wp\/v2\/product_brand?post=2868"},{"taxonomy":"product_cat","embeddable":true,"href":"https:\/\/giftandart.biz\/fr\/wp-json\/wp\/v2\/product_cat?post=2868"},{"taxonomy":"product_tag","embeddable":true,"href":"https:\/\/giftandart.biz\/fr\/wp-json\/wp\/v2\/product_tag?post=2868"}],"curies":[{"name":"wp","href":"https:\/\/api.w.org\/{rel}","templated":true}]}}