{"id":2870,"date":"2013-11-05T05:05:30","date_gmt":"2013-11-05T05:05:30","guid":{"rendered":"http:\/\/giftandart.biz\/product\/foulard-en-soie-carre"},"modified":"2016-11-20T18:49:37","modified_gmt":"2016-11-20T23:49:37","slug":"foulard-en-soie-carre","status":"publish","type":"product","link":"https:\/\/giftandart.biz\/fr\/produit\/foulard-en-soie-carre\/","title":{"rendered":"Foulard en soie carr\u00e9"},"content":{"rendered":"","protected":false},"excerpt":{"rendered":"<p>Ce joli cr\u00eape carr\u00e9 de soie vous ira \u00e0 ravir. L&rsquo;aspect satin\u00e9 de ce foulard accrochera le regard des personnes que vous rencontrerez.<\/p>\n<p>La taille r\u00e9elle de cet article est de 85cmx85cm.<\/p>\n<p>Les dimensions indiqu\u00e9es ci-dessous sont seulement pour le calcul des frais d&rsquo;exp\u00e9dition.<\/p>\n<p>N.B. : Un cr\u00eape est un tissu ayant un aspect ondul\u00e9.<\/p>\n","protected":false},"featured_media":2873,"comment_status":"open","ping_status":"closed","template":"","meta":[],"product_brand":[],"product_cat":[222,228],"product_tag":[],"class_list":{"0":"post-2870","1":"product","2":"type-product","3":"status-publish","4":"has-post-thumbnail","6":"product_cat-foulards","7":"product_cat-soie-carree","9":"first","10":"instock","11":"taxable","12":"shipping-taxable","13":"purchasable","14":"product-type-simple"},"_links":{"self":[{"href":"https:\/\/giftandart.biz\/fr\/wp-json\/wp\/v2\/product\/2870","targetHints":{"allow":["GET"]}}],"collection":[{"href":"https:\/\/giftandart.biz\/fr\/wp-json\/wp\/v2\/product"}],"about":[{"href":"https:\/\/giftandart.biz\/fr\/wp-json\/wp\/v2\/types\/product"}],"replies":[{"embeddable":true,"href":"https:\/\/giftandart.biz\/fr\/wp-json\/wp\/v2\/comments?post=2870"}],"wp:featuredmedia":[{"embeddable":true,"href":"https:\/\/giftandart.biz\/fr\/wp-json\/wp\/v2\/media\/2873"}],"wp:attachment":[{"href":"https:\/\/giftandart.biz\/fr\/wp-json\/wp\/v2\/media?parent=2870"}],"wp:term":[{"taxonomy":"product_brand","embeddable":true,"href":"https:\/\/giftandart.biz\/fr\/wp-json\/wp\/v2\/product_brand?post=2870"},{"taxonomy":"product_cat","embeddable":true,"href":"https:\/\/giftandart.biz\/fr\/wp-json\/wp\/v2\/product_cat?post=2870"},{"taxonomy":"product_tag","embeddable":true,"href":"https:\/\/giftandart.biz\/fr\/wp-json\/wp\/v2\/product_tag?post=2870"}],"curies":[{"name":"wp","href":"https:\/\/api.w.org\/{rel}","templated":true}]}}