{"id":3184,"date":"2013-11-09T04:29:58","date_gmt":"2013-11-09T04:29:58","guid":{"rendered":"http:\/\/giftandart.biz\/product\/foulard-en-soie-longue-105lbs020"},"modified":"2013-11-09T04:53:23","modified_gmt":"2013-11-09T04:53:23","slug":"foulard-en-soie-longue-105lbs020","status":"publish","type":"product","link":"https:\/\/giftandart.biz\/fr\/produit\/foulard-en-soie-longue-105lbs020\/","title":{"rendered":"Foulard en soie longue #105LBS020"},"content":{"rendered":"","protected":false},"excerpt":{"rendered":"<p>Un foulard de tr\u00e8s bel apparence fait avec de la soie de premi\u00e8re qualit\u00e9. La taille r\u00e9elle de cet article est de 170cmx52cm (67&Prime; x 20&Prime;\u00bd).<\/p>\n<p>Les dimensions indiqu\u00e9es ci-dessous sont seulement pour le calcul des frais d\u2019exp\u00e9dition.<\/p>\n","protected":false},"featured_media":3103,"comment_status":"open","ping_status":"open","template":"","meta":[],"product_brand":[],"product_cat":[224],"product_tag":[],"class_list":{"0":"post-3184","1":"product","2":"type-product","3":"status-publish","4":"has-post-thumbnail","6":"product_cat-soie-longue","8":"first","9":"outofstock","10":"taxable","11":"shipping-taxable","12":"purchasable","13":"product-type-simple"},"_links":{"self":[{"href":"https:\/\/giftandart.biz\/fr\/wp-json\/wp\/v2\/product\/3184","targetHints":{"allow":["GET"]}}],"collection":[{"href":"https:\/\/giftandart.biz\/fr\/wp-json\/wp\/v2\/product"}],"about":[{"href":"https:\/\/giftandart.biz\/fr\/wp-json\/wp\/v2\/types\/product"}],"replies":[{"embeddable":true,"href":"https:\/\/giftandart.biz\/fr\/wp-json\/wp\/v2\/comments?post=3184"}],"wp:featuredmedia":[{"embeddable":true,"href":"https:\/\/giftandart.biz\/fr\/wp-json\/wp\/v2\/media\/3103"}],"wp:attachment":[{"href":"https:\/\/giftandart.biz\/fr\/wp-json\/wp\/v2\/media?parent=3184"}],"wp:term":[{"taxonomy":"product_brand","embeddable":true,"href":"https:\/\/giftandart.biz\/fr\/wp-json\/wp\/v2\/product_brand?post=3184"},{"taxonomy":"product_cat","embeddable":true,"href":"https:\/\/giftandart.biz\/fr\/wp-json\/wp\/v2\/product_cat?post=3184"},{"taxonomy":"product_tag","embeddable":true,"href":"https:\/\/giftandart.biz\/fr\/wp-json\/wp\/v2\/product_tag?post=3184"}],"curies":[{"name":"wp","href":"https:\/\/api.w.org\/{rel}","templated":true}]}}